{"id":165,"date":"2018-01-25T10:16:13","date_gmt":"2018-01-25T07:16:13","guid":{"rendered":"http:\/\/havaseyahati.com\/?page_id=165"},"modified":"2021-04-09T22:17:29","modified_gmt":"2021-04-09T19:17:29","slug":"galeri","status":"publish","type":"page","link":"https:\/\/havaseyahati.com\/index.php\/galeri\/","title":{"rendered":"GALER\u0130"},"content":{"rendered":"<p>[vc_row][vc_column icons_position=&#8221;left&#8221; offset=&#8221;vc_col-md-offset-2 vc_col-md-8&#8243;]<div id=\"sc_title_946217925\"\n\t\tclass=\"sc_title color_style_default sc_title_default  vc_custom_1616790253630\"><h2 class=\"sc_item_title sc_title_title sc_align_center sc_item_title_style_default\">FOTO\u011eRAF GALER\u0130S\u0130<\/h2><\/div><!-- \/.sc_title -->[vc_empty_space height=&#8221;2.9rem&#8221; hide_on_desktop=&#8221;&#8221; hide_on_notebook=&#8221;&#8221; hide_on_tablet=&#8221;&#8221; hide_on_mobile=&#8221;&#8221;][\/vc_column][\/vc_row][vc_row][vc_column icons_position=&#8221;left&#8221;][vc_gallery type=&#8221;image_grid&#8221; images=&#8221;1344,1345,1346,1347,1348,1349,1350,1351,1352,1353,1354,1355,1356,1357,1358,1359,1360,1361,1362,1363,1364,1365,1366,1367,1368,1369&#8243; onclick=&#8221;img_link_large&#8221; css_animation=&#8221;fadeInDown&#8221;][\/vc_column][\/vc_row]<\/p>\n","protected":false},"excerpt":{"rendered":"<p>[vc_row][vc_column icons_position=&#8221;left&#8221; offset=&#8221;vc_col-md-offset-2 vc_col-md-8&#8243;][vc_empty_space height=&#8221;2.9rem&#8221; hide_on_desktop=&#8221;&#8221; hide_on_notebook=&#8221;&#8221; hide_on_tablet=&#8221;&#8221; hide_on_mobile=&#8221;&#8221;][\/vc_column][\/vc_row][vc_row][vc_column icons_position=&#8221;left&#8221;][vc_gallery type=&#8221;image_grid&#8221; images=&#8221;1344,1345,1346,1347,1348,1349,1350,1351,1352,1353,1354,1355,1356,1357,1358,1359,1360,1361,1362,1363,1364,1365,1366,1367,1368,1369&#8243; onclick=&#8221;img_link_large&#8221; css_animation=&#8221;fadeInDown&#8221;][\/vc_column][\/vc_row]<\/p>\n","protected":false},"author":1,"featured_media":0,"parent":0,"menu_order":0,"comment_status":"closed","ping_status":"closed","template":"","meta":{"footnotes":""},"class_list":["post-165","page","type-page","status-publish","hentry"],"_links":{"self":[{"href":"https:\/\/havaseyahati.com\/index.php\/wp-json\/wp\/v2\/pages\/165","targetHints":{"allow":["GET"]}}],"collection":[{"href":"https:\/\/havaseyahati.com\/index.php\/wp-json\/wp\/v2\/pages"}],"about":[{"href":"https:\/\/havaseyahati.com\/index.php\/wp-json\/wp\/v2\/types\/page"}],"author":[{"embeddable":true,"href":"https:\/\/havaseyahati.com\/index.php\/wp-json\/wp\/v2\/users\/1"}],"replies":[{"embeddable":true,"href":"https:\/\/havaseyahati.com\/index.php\/wp-json\/wp\/v2\/comments?post=165"}],"version-history":[{"count":6,"href":"https:\/\/havaseyahati.com\/index.php\/wp-json\/wp\/v2\/pages\/165\/revisions"}],"predecessor-version":[{"id":1372,"href":"https:\/\/havaseyahati.com\/index.php\/wp-json\/wp\/v2\/pages\/165\/revisions\/1372"}],"wp:attachment":[{"href":"https:\/\/havaseyahati.com\/index.php\/wp-json\/wp\/v2\/media?parent=165"}],"curies":[{"name":"wp","href":"https:\/\/api.w.org\/{rel}","templated":true}]}}