{"id":314,"date":"2018-01-26T11:58:50","date_gmt":"2018-01-26T08:58:50","guid":{"rendered":"http:\/\/havaseyahati.com\/?page_id=314"},"modified":"2021-04-11T04:28:37","modified_gmt":"2021-04-11T01:28:37","slug":"kitap-hakkinda","status":"publish","type":"page","link":"https:\/\/havaseyahati.com\/index.php\/kitap-hakkinda\/","title":{"rendered":"K\u0130TAP HAKKINDA"},"content":{"rendered":"<p>[vc_row full_width=&#8221;stretch_row&#8221; hide_bg_image_on_tablet=&#8221;1&#8243; hide_bg_image_on_mobile=&#8221;1&#8243; css=&#8221;.vc_custom_1616709967109{background: #f2e0c8 url(https:\/\/havaseyahati.com\/wp-content\/uploads\/2021\/03\/arka1-1.jpg?id=1186) !important;background-position: top left !important;background-repeat: no-repeat !important;}&#8221;][vc_column icons_position=&#8221;left&#8221;][vc_empty_space height=&#8221;8.1rem&#8221; hide_on_desktop=&#8221;&#8221; hide_on_notebook=&#8221;&#8221; hide_on_tablet=&#8221;&#8221; hide_on_mobile=&#8221;&#8221;][\/vc_column][vc_column width=&#8221;1\/2&#8243; hide_bg_image_on_tablet=&#8221;&#8221; hide_bg_image_on_mobile=&#8221;&#8221; icons_position=&#8221;left&#8221; css=&#8221;.vc_custom_1521556308493{background-size: cover !important;}&#8221;][vc_single_image image=&#8221;1212&#8243; img_size=&#8221;full&#8221;][\/vc_column][vc_column width=&#8221;1\/2&#8243; icons_position=&#8221;left&#8221; offset=&#8221;vc_col-md-offset-1 vc_col-md-5&#8243;][vc_empty_space height=&#8221;3.3rem&#8221; hide_on_desktop=&#8221;&#8221; hide_on_notebook=&#8221;&#8221; hide_on_tablet=&#8221;&#8221; hide_on_mobile=&#8221;&#8221;]<div id=\"sc_title_809857032\"\n\t\tclass=\"sc_title color_style_default sc_title_default  vc_custom_1616709470219\"><h2 class=\"sc_item_title sc_title_title sc_align_left sc_item_title_style_default\">1914 Adet Bask\u0131<\/h2><div class=\"sc_item_descr sc_title_descr sc_align_left\"><p>Bu eser ile birlikte havac\u0131l\u0131k tarihimize \u0131\u015f\u0131k tutmaya \u00e7al\u0131\u015f\u0131l\u0131rken hem T\u00fcrk havac\u0131l\u0131\u011f\u0131n\u0131n ilk \u015fehitlerinin aziz hat\u0131ras\u0131 ya\u015fat\u0131lmaya hem de s\u00f6z konusu hava seyahatinin T\u00fcrk bas\u0131n\u0131n\u0131n perspektifinden \u00e7ok boyutlu bir bak\u0131\u015f a\u00e7\u0131s\u0131yla sunulmaya \u00e7al\u0131\u015f\u0131ld\u0131.<\/p>\n<\/div><\/div><!-- \/.sc_title -->[\/vc_column][\/vc_row][vc_row full_width=&#8221;stretch_row_content_no_spaces&#8221;][vc_column icons_position=&#8221;left&#8221;][vc_empty_space height=&#8221;4.2rem&#8221; hide_on_desktop=&#8221;&#8221; hide_on_notebook=&#8221;&#8221; hide_on_tablet=&#8221;1&#8243; hide_on_mobile=&#8221;1&#8243;][vc_single_image image=&#8221;477&#8243; img_size=&#8221;full&#8221;][\/vc_column][\/vc_row][vc_row full_width=&#8221;stretch_row&#8221; hide_bg_image_on_tablet=&#8221;&#8221; hide_bg_image_on_mobile=&#8221;&#8221; css=&#8221;.vc_custom_1516965527922{background-color: #e8d3b6 !important;}&#8221;][vc_column width=&#8221;1\/2&#8243; icons_position=&#8221;left&#8221;]<div id=\"sc_title_1299427019\"\n\t\tclass=\"sc_title color_style_default sc_title_default\"><h2 class=\"sc_item_title sc_title_title sc_align_center sc_item_title_style_default\">TAKD\u0130M<\/h2><\/div><!-- \/.sc_title -->[vc_empty_space height=&#8221;3rem&#8221; hide_on_desktop=&#8221;&#8221; hide_on_notebook=&#8221;&#8221; hide_on_tablet=&#8221;&#8221; hide_on_mobile=&#8221;&#8221;][vc_single_image image=&#8221;1216&#8243; img_size=&#8221;350&#215;518&#8243; alignment=&#8221;center&#8221; style=&#8221;vc_box_shadow_3d&#8221; onclick=&#8221;zoom&#8221; css_animation=&#8221;fadeIn&#8221;]<div id=\"sc_title_239073635\"\n\t\tclass=\"sc_title color_style_default sc_title_default italic\"><h3 class=\"sc_item_title sc_title_title sc_align_center sc_item_title_style_default sc_item_title_tag\">Recep Tayyip Erdogan<\/h3><\/div><!-- \/.sc_title --><div id=\"sc_title_757047704\"\n\t\tclass=\"sc_title color_style_default sc_title_default italic\"><h6 class=\"sc_item_title sc_title_title sc_align_center sc_item_title_style_default sc_item_title_tag\">T\u00dcRK\u0130YE CUMHURBA\u015eKANI<\/h6><\/div><!-- \/.sc_title -->[vc_empty_space height=&#8221;30px&#8221; hide_on_desktop=&#8221;&#8221; hide_on_notebook=&#8221;&#8221; hide_on_tablet=&#8221;&#8221; hide_on_mobile=&#8221;&#8221;][\/vc_column][vc_column width=&#8221;1\/2&#8243; icons_position=&#8221;left&#8221;]<div id=\"sc_title_1273343213\"\n\t\tclass=\"sc_title color_style_default sc_title_default\"><h2 class=\"sc_item_title sc_title_title sc_align_center sc_item_title_style_default\">G\u0130R\u0130\u015e<\/h2><\/div><!-- \/.sc_title -->[vc_empty_space height=&#8221;3rem&#8221; hide_on_desktop=&#8221;&#8221; hide_on_notebook=&#8221;&#8221; hide_on_tablet=&#8221;&#8221; hide_on_mobile=&#8221;&#8221;][vc_single_image image=&#8221;1219&#8243; img_size=&#8221;350&#215;518&#8243; alignment=&#8221;center&#8221; style=&#8221;vc_box_shadow_3d&#8221; onclick=&#8221;zoom&#8221; css_animation=&#8221;fadeIn&#8221;]<div id=\"sc_title_238816783\"\n\t\tclass=\"sc_title color_style_default sc_title_default italic\"><h3 class=\"sc_item_title sc_title_title sc_align_center sc_item_title_style_default sc_item_title_tag\">Prof. Dr. Fahrettin Altun<\/h3><\/div><!-- \/.sc_title --><div id=\"sc_title_2015139339\"\n\t\tclass=\"sc_title color_style_default sc_title_default italic\"><h6 class=\"sc_item_title sc_title_title sc_align_center sc_item_title_style_default sc_item_title_tag\">T.C. CUMHURBA\u015eKANLI\u011eI \u0130LET\u0130\u015e\u0130M BA\u015eKANI<\/h6><\/div><!-- \/.sc_title -->[vc_empty_space height=&#8221;30px&#8221; hide_on_desktop=&#8221;&#8221; hide_on_notebook=&#8221;&#8221; hide_on_tablet=&#8221;&#8221; hide_on_mobile=&#8221;&#8221;][\/vc_column][\/vc_row][vc_row full_width=&#8221;stretch_row&#8221; hide_bg_image_on_tablet=&#8221;&#8221; hide_bg_image_on_mobile=&#8221;&#8221; css=&#8221;.vc_custom_1516978326411{background-color: #e8d3b6 !important;}&#8221;][vc_column icons_position=&#8221;left&#8221; offset=&#8221;vc_col-md-offset-3 vc_col-md-6&#8243;][vc_empty_space height=&#8221;8.25rem&#8221; hide_on_desktop=&#8221;&#8221; hide_on_notebook=&#8221;&#8221; hide_on_tablet=&#8221;&#8221; hide_on_mobile=&#8221;&#8221;]<div id=\"sc_title_1375156707\"\n\t\tclass=\"sc_title color_style_default sc_title_default\"><h6 class=\"sc_item_subtitle sc_title_subtitle sc_align_center sc_item_title_style_default\">1914<\/h6><h2 class=\"sc_item_title sc_title_title sc_align_center sc_item_title_style_default\">Bundan 107 y\u0131l \u00f6nce<\/h2><div class=\"sc_item_descr sc_title_descr sc_align_center\"><p>Kud\u00fcs halk\u0131 istedi, Osmanl\u0131 tayyareleri havaland\u0131. Bu u\u011furda \u00fc\u00e7 hava \u015fehidi verildi ve Kud\u00fcs semalar\u0131nda ay y\u0131ld\u0131zl\u0131 tayyareler u\u00e7uruldu.<\/p>\n<\/div><\/div><!-- \/.sc_title -->[\/vc_column][vc_column icons_position=&#8221;left&#8221;][vc_empty_space height=&#8221;3.1rem&#8221; hide_on_desktop=&#8221;&#8221; hide_on_notebook=&#8221;&#8221; hide_on_tablet=&#8221;&#8221; hide_on_mobile=&#8221;&#8221;]<div id=\"sc_icons_1686821053\" \n\tclass=\"sc_icons sc_icons_default sc_icons_size_medium sc_align_center\"><div class=\"sc_icons_columns_wrap sc_item_columns trx_addons_columns_wrap columns_padding_bottom\"><div class=\"trx_addons_column-1_5\"><div class=\"sc_icons_item sc_icons_item_linked\"><div id=\"sc_icons_1686821053_icon-paper-plane-light\" class=\"sc_icons_icon sc_icon_type_ icon-paper-plane-light\"\n\t\t\t\t\t\t\t\t\t\t\t\t><span class=\"sc_icon_type_ icon-paper-plane-light\"><\/span><\/div><h4 class=\"sc_icons_item_title\"><span>8 \u015eubat 1914<\/span><\/h4><div class=\"sc_icons_item_description\"><span>Nihayet hareket i\u00e7in beklenen g\u00fcn geldi. <\/span><\/div><a href=\"#\" class=\"sc_icons_item_link\"><\/a><\/div><\/div><div class=\"trx_addons_column-1_5\"><div class=\"sc_icons_item sc_icons_item_linked\"><div id=\"sc_icons_1686821053_icon-flag\" class=\"sc_icons_icon sc_icon_type_ icon-flag\"\n\t\t\t\t\t\t\t\t\t\t\t\t><span class=\"sc_icon_type_ icon-flag\"><\/span><\/div><h4 class=\"sc_icons_item_title\"><span>11 \u015eubat 1914<\/span><\/h4><div class=\"sc_icons_item_description\"><span>Toroslar\u0131n Tepesinde Karlara De\u011fdiler<\/span><\/div><a href=\"#\" class=\"sc_icons_item_link\"><\/a><\/div><\/div><div class=\"trx_addons_column-1_5\"><div class=\"sc_icons_item sc_icons_item_linked\"><div id=\"sc_icons_1686821053_icon-map\" class=\"sc_icons_icon sc_icon_type_ icon-map\"\n\t\t\t\t\t\t\t\t\t\t\t\t><span class=\"sc_icon_type_ icon-map\"><\/span><\/div><h4 class=\"sc_icons_item_title\"><span>27 \u015eubat 1914<\/span><\/h4><div class=\"sc_icons_item_description\"><span>Kud\u00fcs i\u00e7in havalanan tayyare, Taberiye civar\u0131nda d\u00fc\u015ft\u00fc ve Fethi ile Sad\u0131k Beyler \u015fehit oldu.<\/span><\/div><a href=\"#\" class=\"sc_icons_item_link\"><\/a><\/div><\/div><div class=\"trx_addons_column-1_5\"><div class=\"sc_icons_item sc_icons_item_linked\"><div id=\"sc_icons_1686821053_icon-spin4\" class=\"sc_icons_icon sc_icon_type_ icon-spin4\"\n\t\t\t\t\t\t\t\t\t\t\t\t><span class=\"sc_icon_type_ icon-spin4\"><\/span><\/div><h4 class=\"sc_icons_item_title\"><span>11 Mart 1914<\/span><\/h4><div class=\"sc_icons_item_description\"><span>Tayyare sahilden hen\u00fcz 100 metre mesafede iken d\u00fc\u015ft\u00fc.<\/span><\/div><a href=\"#\" class=\"sc_icons_item_link\"><\/a><\/div><\/div><div class=\"trx_addons_column-1_5\"><div class=\"sc_icons_item sc_icons_item_linked\"><div id=\"sc_icons_1686821053_icon-checkbox\" class=\"sc_icons_icon sc_icon_type_ icon-checkbox\"\n\t\t\t\t\t\t\t\t\t\t\t\t><span class=\"sc_icon_type_ icon-checkbox\"><\/span><\/div><h4 class=\"sc_icons_item_title\"><span>1 May\u0131s 1914<\/span><\/h4><div class=\"sc_icons_item_description\"><span>Salim ve Kemal Beyler Kud\u00fcs'e ula\u015ft\u0131.<\/span><\/div><a href=\"#\" class=\"sc_icons_item_link\"><\/a><\/div><\/div><\/div><\/div><!-- \/.sc_icons -->[vc_empty_space height=&#8221;1.2em&#8221; hide_on_desktop=&#8221;&#8221; hide_on_notebook=&#8221;&#8221; hide_on_tablet=&#8221;&#8221; hide_on_mobile=&#8221;&#8221;]<div class=\"sc_item_button sc_button_wrap sc_align_center\"><a href=\"https:\/\/havaseyahati.com\/index.php\/rota\/\" id=\"sc_button_617261710\" class=\"sc_button color_style_default sc_button_default sc_button_size_normal sc_button_icon_left\"><span class=\"sc_button_text\"><span class=\"sc_button_title\">T\u00dcM ROTAYI G\u00d6R<\/span><\/span><!-- \/.sc_button_text --><\/a><!-- \/.sc_button --><\/div><!-- \/.sc_item_button -->[vc_empty_space height=&#8221;7.8rem&#8221; hide_on_desktop=&#8221;&#8221; hide_on_notebook=&#8221;&#8221; hide_on_tablet=&#8221;&#8221; hide_on_mobile=&#8221;&#8221;][\/vc_column][\/vc_row]<\/p>\n","protected":false},"excerpt":{"rendered":"<p>[vc_row full_width=&#8221;stretch_row&#8221; hide_bg_image_on_tablet=&#8221;1&#8243; hide_bg_image_on_mobile=&#8221;1&#8243; css=&#8221;.vc_custom_1616709967109{background: #f2e0c8 url(https:\/\/havaseyahati.com\/wp-content\/uploads\/2021\/03\/arka1-1.jpg?id=1186) !important;background-position: top left !important;background-repeat: no-repeat !important;}&#8221;][vc_column icons_position=&#8221;left&#8221;][vc_empty_space height=&#8221;8.1rem&#8221; hide_on_desktop=&#8221;&#8221; hide_on_notebook=&#8221;&#8221; hide_on_tablet=&#8221;&#8221; hide_on_mobile=&#8221;&#8221;][\/vc_column][vc_column width=&#8221;1\/2&#8243; hide_bg_image_on_tablet=&#8221;&#8221; hide_bg_image_on_mobile=&#8221;&#8221; icons_position=&#8221;left&#8221; css=&#8221;.vc_custom_1521556308493{background-size: cover !important;}&#8221;][vc_single_image image=&#8221;1212&#8243; img_size=&#8221;full&#8221;][\/vc_column][vc_column width=&#8221;1\/2&#8243; icons_position=&#8221;left&#8221; offset=&#8221;vc_col-md-offset-1 vc_col-md-5&#8243;][vc_empty_space height=&#8221;3.3rem&#8221; hide_on_desktop=&#8221;&#8221; hide_on_notebook=&#8221;&#8221;&hellip;<\/p>\n","protected":false},"author":1,"featured_media":0,"parent":0,"menu_order":0,"comment_status":"closed","ping_status":"closed","template":"","meta":{"footnotes":""},"class_list":["post-314","page","type-page","status-publish","hentry"],"_links":{"self":[{"href":"https:\/\/havaseyahati.com\/index.php\/wp-json\/wp\/v2\/pages\/314","targetHints":{"allow":["GET"]}}],"collection":[{"href":"https:\/\/havaseyahati.com\/index.php\/wp-json\/wp\/v2\/pages"}],"about":[{"href":"https:\/\/havaseyahati.com\/index.php\/wp-json\/wp\/v2\/types\/page"}],"author":[{"embeddable":true,"href":"https:\/\/havaseyahati.com\/index.php\/wp-json\/wp\/v2\/users\/1"}],"replies":[{"embeddable":true,"href":"https:\/\/havaseyahati.com\/index.php\/wp-json\/wp\/v2\/comments?post=314"}],"version-history":[{"count":27,"href":"https:\/\/havaseyahati.com\/index.php\/wp-json\/wp\/v2\/pages\/314\/revisions"}],"predecessor-version":[{"id":1384,"href":"https:\/\/havaseyahati.com\/index.php\/wp-json\/wp\/v2\/pages\/314\/revisions\/1384"}],"wp:attachment":[{"href":"https:\/\/havaseyahati.com\/index.php\/wp-json\/wp\/v2\/media?parent=314"}],"curies":[{"name":"wp","href":"https:\/\/api.w.org\/{rel}","templated":true}]}}